{"id":6825,"date":"2016-02-26T14:53:17","date_gmt":"2016-02-26T12:53:17","guid":{"rendered":"http:\/\/www.comunismulinromania.ro\/?page_id=6825"},"modified":"2016-04-13T12:16:24","modified_gmt":"2016-04-13T09:16:24","slug":"de-peste-hotare","status":"publish","type":"page","link":"https:\/\/www.comunismulinromania.ro\/index.php\/de-peste-hotare\/","title":{"rendered":"De peste hotare"},"content":{"rendered":"<p>[vc_row el_id=&#8221;12345678&#8243; el_class=&#8221;rand1&#8243;][vc_column width=&#8221;2\/3&#8243;][vc_tta_tour][vc_tta_section title=&#8221;1&#8243; tab_id=&#8221;1456489451145-c50e206c-f56c&#8221;][vc_single_image image=&#8221;6719&#8243; img_size=&#8221;large&#8221; alignment=&#8221;center&#8221; onclick=&#8221;zoom&#8221;][\/vc_tta_section][vc_tta_section title=&#8221;2&#8243; tab_id=&#8221;1456489451300-ff5d26f6-4a55&#8243;][vc_single_image image=&#8221;6720&#8243; img_size=&#8221;large&#8221; alignment=&#8221;center&#8221; onclick=&#8221;zoom&#8221;][\/vc_tta_section][vc_tta_section title=&#8221;3&#8243; tab_id=&#8221;1460538853345-d370049d-15a4&#8243;][vc_single_image image=&#8221;6867&#8243; img_size=&#8221;large&#8221; alignment=&#8221;center&#8221; onclick=&#8221;zoom&#8221;][\/vc_tta_section][\/vc_tta_tour][\/vc_column][vc_column width=&#8221;1\/3&#8243;][vc_column_text]1.\u00a0<em>Nicolae Ceau\u015fescu \u015fi Charles de Gaulle la o adunare popular\u0103 \u00een Pia\u0163a Unirii &#8211; Craiova<\/em>; autor necunoscut; 1968; ulei pe p\u00e2nz\u0103; inv. S 2083<\/p>\n<p>2. <em>Nicolae Ceu\u0219escu la Ankara<\/em>; autor: Rami Uluer; oferit de pre\u015fedintele Asocia\u0163iei pictorilor turci din Ankara; ulei pe p\u00e2nz\u0103; inv. S 9217<\/p>\n<p>3. <em>Ceau\u0219escu \u0219i Kim Ir Sen<\/em>; autor necunoscut; oferit la Phenian, cu ocazia vizitei \u00een R.P.D. Coreea, 20-23 mai 1978; tapiserie pe p\u00e2nz\u0103; inv. S 5715<\/p>\n<h4><\/h4>\n<p>[\/vc_column_text][\/vc_column][\/vc_row]<\/p>\n","protected":false},"excerpt":{"rendered":"<p>[vc_row el_id=&#8221;12345678&#8243; el_class=&#8221;rand1&#8243;][vc_column width=&#8221;2\/3&#8243;][vc_tta_tour][vc_tta_section title=&#8221;1&#8243; tab_id=&#8221;1456489451145-c50e206c-f56c&#8221;][vc_single_image image=&#8221;6719&#8243; img_size=&#8221;large&#8221; alignment=&#8221;center&#8221; onclick=&#8221;zoom&#8221;][\/vc_tta_section][vc_tta_section title=&#8221;2&#8243; tab_id=&#8221;1456489451300-ff5d26f6-4a55&#8243;][vc_single_image image=&#8221;6720&#8243; img_size=&#8221;large&#8221; alignment=&#8221;center&#8221; onclick=&#8221;zoom&#8221;][\/vc_tta_section][vc_tta_section title=&#8221;3&#8243; tab_id=&#8221;1460538853345-d370049d-15a4&#8243;][vc_single_image image=&#8221;6867&#8243; img_size=&#8221;large&#8221; alignment=&#8221;center&#8221; onclick=&#8221;zoom&#8221;][\/vc_tta_section][\/vc_tta_tour][\/vc_column][vc_column width=&#8221;1\/3&#8243;][vc_column_text]1.\u00a0Nicolae Ceau\u015fescu \u015fi Charles de Gaulle la o adunare popular\u0103 \u00een Pia\u0163a Unirii &#8211; Craiova; autor necunoscut; 1968; ulei pe p\u00e2nz\u0103; inv. S 2083 2. Nicolae Ceu\u0219escu la Ankara; autor: Rami Uluer; oferit [&hellip;]<\/p>\n","protected":false},"author":1,"featured_media":0,"parent":0,"menu_order":0,"comment_status":"closed","ping_status":"closed","template":"","meta":{"_exactmetrics_skip_tracking":false,"_exactmetrics_sitenote_active":false,"_exactmetrics_sitenote_note":"","_exactmetrics_sitenote_category":0,"footnotes":""},"class_list":["post-6825","page","type-page","status-publish","hentry"],"_links":{"self":[{"href":"https:\/\/www.comunismulinromania.ro\/index.php\/wp-json\/wp\/v2\/pages\/6825","targetHints":{"allow":["GET"]}}],"collection":[{"href":"https:\/\/www.comunismulinromania.ro\/index.php\/wp-json\/wp\/v2\/pages"}],"about":[{"href":"https:\/\/www.comunismulinromania.ro\/index.php\/wp-json\/wp\/v2\/types\/page"}],"author":[{"embeddable":true,"href":"https:\/\/www.comunismulinromania.ro\/index.php\/wp-json\/wp\/v2\/users\/1"}],"replies":[{"embeddable":true,"href":"https:\/\/www.comunismulinromania.ro\/index.php\/wp-json\/wp\/v2\/comments?post=6825"}],"version-history":[{"count":0,"href":"https:\/\/www.comunismulinromania.ro\/index.php\/wp-json\/wp\/v2\/pages\/6825\/revisions"}],"wp:attachment":[{"href":"https:\/\/www.comunismulinromania.ro\/index.php\/wp-json\/wp\/v2\/media?parent=6825"}],"curies":[{"name":"wp","href":"https:\/\/api.w.org\/{rel}","templated":true}]}}