{"id":6823,"date":"2016-02-26T14:52:09","date_gmt":"2016-02-26T12:52:09","guid":{"rendered":"http:\/\/www.comunismulinromania.ro\/?page_id=6823"},"modified":"2022-05-17T13:33:31","modified_gmt":"2022-05-17T10:33:31","slug":"omagiu-naiv","status":"publish","type":"page","link":"https:\/\/www.comunismulinromania.ro\/index.php\/galerie-speciala\/omagiu-naiv\/","title":{"rendered":"Omagiu&#8230; naiv"},"content":{"rendered":"<p>[vc_row el_id=&#8221;12345678&#8243; el_class=&#8221;rand1&#8243;][vc_column width=&#8221;2\/3&#8243;][vc_tta_tour][vc_tta_section title=&#8221;1&#8243; tab_id=&#8221;1456489451145-c50e206c-f56c&#8221;][vc_single_image image=&#8221;6718&#8243; img_size=&#8221;large&#8221; alignment=&#8221;center&#8221; onclick=&#8221;zoom&#8221;][\/vc_tta_section][vc_tta_section title=&#8221;2&#8243; tab_id=&#8221;1456489451300-ff5d26f6-4a55&#8243;][vc_single_image image=&#8221;6717&#8243; img_size=&#8221;large&#8221; alignment=&#8221;center&#8221; onclick=&#8221;zoom&#8221;][\/vc_tta_section][vc_tta_section title=&#8221;3&#8243; tab_id=&#8221;1460547702692-14582a24-67b9&#8243;][vc_single_image image=&#8221;6889&#8243; img_size=&#8221;large&#8221; alignment=&#8221;center&#8221; onclick=&#8221;zoom&#8221;][\/vc_tta_section][\/vc_tta_tour][\/vc_column][vc_column width=&#8221;1\/3&#8243;][vc_column_text]1. <em>Ceu\u0219escu \u0219i uteci\u0219tii<\/em>; autor: Aurelia Gheorghiu; oferit de \u00centreprinderea Cinematografic\u0103 Bucure\u015fti; 1971; ulei pe carton; inv. S 2071<\/p>\n<p>2. <em>Nicolae Ceau\u0219escu<\/em>; autor:\u00a0Teodor Istrati; 1971; ulei pe p\u00e2nz\u0103; inv. S 2079<\/p>\n<p>3. <em>Manifesta\u021bie la Cluj<\/em>; autor: H.G. Constant; oferit de autor; 30 august 1968; ulei pe p\u00e2nz\u0103; inv. S 2073[\/vc_column_text][\/vc_column][\/vc_row]<\/p>\n","protected":false},"excerpt":{"rendered":"<p>[vc_row el_id=&#8221;12345678&#8243; el_class=&#8221;rand1&#8243;][vc_column width=&#8221;2\/3&#8243;][vc_tta_tour][vc_tta_section title=&#8221;1&#8243; tab_id=&#8221;1456489451145-c50e206c-f56c&#8221;][vc_single_image image=&#8221;6718&#8243; img_size=&#8221;large&#8221; alignment=&#8221;center&#8221; onclick=&#8221;zoom&#8221;][\/vc_tta_section][vc_tta_section title=&#8221;2&#8243; tab_id=&#8221;1456489451300-ff5d26f6-4a55&#8243;][vc_single_image image=&#8221;6717&#8243; img_size=&#8221;large&#8221; alignment=&#8221;center&#8221; onclick=&#8221;zoom&#8221;][\/vc_tta_section][vc_tta_section title=&#8221;3&#8243; tab_id=&#8221;1460547702692-14582a24-67b9&#8243;][vc_single_image image=&#8221;6889&#8243; img_size=&#8221;large&#8221; alignment=&#8221;center&#8221; onclick=&#8221;zoom&#8221;][\/vc_tta_section][\/vc_tta_tour][\/vc_column][vc_column width=&#8221;1\/3&#8243;][vc_column_text]1. Ceu\u0219escu \u0219i uteci\u0219tii; autor: Aurelia Gheorghiu; oferit de \u00centreprinderea Cinematografic\u0103 Bucure\u015fti; 1971; ulei pe carton; inv. S 2071 2. Nicolae Ceau\u0219escu; autor:\u00a0Teodor Istrati; 1971; ulei pe p\u00e2nz\u0103; inv. S 2079 3. Manifesta\u021bie [&hellip;]<\/p>\n","protected":false},"author":1,"featured_media":0,"parent":6648,"menu_order":0,"comment_status":"closed","ping_status":"closed","template":"","meta":{"_exactmetrics_skip_tracking":false,"_exactmetrics_sitenote_active":false,"_exactmetrics_sitenote_note":"","_exactmetrics_sitenote_category":0,"footnotes":""},"class_list":["post-6823","page","type-page","status-publish","hentry"],"_links":{"self":[{"href":"https:\/\/www.comunismulinromania.ro\/index.php\/wp-json\/wp\/v2\/pages\/6823","targetHints":{"allow":["GET"]}}],"collection":[{"href":"https:\/\/www.comunismulinromania.ro\/index.php\/wp-json\/wp\/v2\/pages"}],"about":[{"href":"https:\/\/www.comunismulinromania.ro\/index.php\/wp-json\/wp\/v2\/types\/page"}],"author":[{"embeddable":true,"href":"https:\/\/www.comunismulinromania.ro\/index.php\/wp-json\/wp\/v2\/users\/1"}],"replies":[{"embeddable":true,"href":"https:\/\/www.comunismulinromania.ro\/index.php\/wp-json\/wp\/v2\/comments?post=6823"}],"version-history":[{"count":2,"href":"https:\/\/www.comunismulinromania.ro\/index.php\/wp-json\/wp\/v2\/pages\/6823\/revisions"}],"predecessor-version":[{"id":12680,"href":"https:\/\/www.comunismulinromania.ro\/index.php\/wp-json\/wp\/v2\/pages\/6823\/revisions\/12680"}],"up":[{"embeddable":true,"href":"https:\/\/www.comunismulinromania.ro\/index.php\/wp-json\/wp\/v2\/pages\/6648"}],"wp:attachment":[{"href":"https:\/\/www.comunismulinromania.ro\/index.php\/wp-json\/wp\/v2\/media?parent=6823"}],"curies":[{"name":"wp","href":"https:\/\/api.w.org\/{rel}","templated":true}]}}