{"id":6817,"date":"2016-02-26T14:46:39","date_gmt":"2016-02-26T12:46:39","guid":{"rendered":"http:\/\/www.comunismulinromania.ro\/?page_id=6817"},"modified":"2016-04-13T14:57:28","modified_gmt":"2016-04-13T11:57:28","slug":"traim-decenii-de-impliniri-marete","status":"publish","type":"page","link":"https:\/\/www.comunismulinromania.ro\/index.php\/galerie-speciala\/traim-decenii-de-impliniri-marete\/","title":{"rendered":"Tr\u0103im decenii de \u00eempliniri m\u0103re\u0163e"},"content":{"rendered":"<p>[vc_row el_id=&#8221;12345678&#8243; el_class=&#8221;rand1&#8243;][vc_column width=&#8221;2\/3&#8243;][vc_tta_tour][vc_tta_section title=&#8221;1&#8243; tab_id=&#8221;1456489451145-c50e206c-f56c&#8221;][vc_single_image image=&#8221;6715&#8243; img_size=&#8221;large&#8221; alignment=&#8221;center&#8221; onclick=&#8221;zoom&#8221;][\/vc_tta_section][vc_tta_section title=&#8221;2&#8243; tab_id=&#8221;1456489451300-ff5d26f6-4a55&#8243;][vc_single_image image=&#8221;6716&#8243; img_size=&#8221;large&#8221; alignment=&#8221;center&#8221; onclick=&#8221;zoom&#8221;][\/vc_tta_section][vc_tta_section title=&#8221;3&#8243; tab_id=&#8221;1460548495134-61734bc3-67c0&#8243;][vc_single_image image=&#8221;6897&#8243; img_size=&#8221;large&#8221; alignment=&#8221;center&#8221; onclick=&#8221;zoom&#8221;][\/vc_tta_section][\/vc_tta_tour][\/vc_column][vc_column width=&#8221;1\/3&#8243;][vc_column_text]1. <em>Omagiu<\/em>; autori:\u00a0Ion Vin\u0163an, Vladimir Setran; oferit de Comitetul municipal de partid Bucure\u0219ti; 1981; ulei pe p\u00e2nz\u0103; inv. S 8381<\/p>\n<p>2. <em>Vizit\u0103 de lucru<\/em>; autori:\u00a0Ion Vin\u0163an, Vladimir Setran; oferit de Comitetul municipal de partid Bucure\u0219ti;\u00a0anii 1980; ulei pe p\u00e2nz\u0103; inv. S 8896<\/p>\n<p>3. <em>Nicolae Ceu\u0219escu<\/em>; autor: Traian Zorzoliu; oferit de C.J. de partid Olt; 24 ianuarie 1978; ulei pe p\u00e2nz\u0103; inv. S 6785<\/p>\n<h4><\/h4>\n<p>[\/vc_column_text][\/vc_column][\/vc_row]<\/p>\n","protected":false},"excerpt":{"rendered":"<p>[vc_row el_id=&#8221;12345678&#8243; el_class=&#8221;rand1&#8243;][vc_column width=&#8221;2\/3&#8243;][vc_tta_tour][vc_tta_section title=&#8221;1&#8243; tab_id=&#8221;1456489451145-c50e206c-f56c&#8221;][vc_single_image image=&#8221;6715&#8243; img_size=&#8221;large&#8221; alignment=&#8221;center&#8221; onclick=&#8221;zoom&#8221;][\/vc_tta_section][vc_tta_section title=&#8221;2&#8243; tab_id=&#8221;1456489451300-ff5d26f6-4a55&#8243;][vc_single_image image=&#8221;6716&#8243; img_size=&#8221;large&#8221; alignment=&#8221;center&#8221; onclick=&#8221;zoom&#8221;][\/vc_tta_section][vc_tta_section title=&#8221;3&#8243; tab_id=&#8221;1460548495134-61734bc3-67c0&#8243;][vc_single_image image=&#8221;6897&#8243; img_size=&#8221;large&#8221; alignment=&#8221;center&#8221; onclick=&#8221;zoom&#8221;][\/vc_tta_section][\/vc_tta_tour][\/vc_column][vc_column width=&#8221;1\/3&#8243;][vc_column_text]1. Omagiu; autori:\u00a0Ion Vin\u0163an, Vladimir Setran; oferit de Comitetul municipal de partid Bucure\u0219ti; 1981; ulei pe p\u00e2nz\u0103; inv. S 8381 2. Vizit\u0103 de lucru; autori:\u00a0Ion Vin\u0163an, Vladimir Setran; oferit de Comitetul municipal de [&hellip;]<\/p>\n","protected":false},"author":1,"featured_media":0,"parent":6648,"menu_order":0,"comment_status":"closed","ping_status":"closed","template":"","meta":{"_exactmetrics_skip_tracking":false,"_exactmetrics_sitenote_active":false,"_exactmetrics_sitenote_note":"","_exactmetrics_sitenote_category":0,"footnotes":""},"class_list":["post-6817","page","type-page","status-publish","hentry"],"_links":{"self":[{"href":"https:\/\/www.comunismulinromania.ro\/index.php\/wp-json\/wp\/v2\/pages\/6817","targetHints":{"allow":["GET"]}}],"collection":[{"href":"https:\/\/www.comunismulinromania.ro\/index.php\/wp-json\/wp\/v2\/pages"}],"about":[{"href":"https:\/\/www.comunismulinromania.ro\/index.php\/wp-json\/wp\/v2\/types\/page"}],"author":[{"embeddable":true,"href":"https:\/\/www.comunismulinromania.ro\/index.php\/wp-json\/wp\/v2\/users\/1"}],"replies":[{"embeddable":true,"href":"https:\/\/www.comunismulinromania.ro\/index.php\/wp-json\/wp\/v2\/comments?post=6817"}],"version-history":[{"count":0,"href":"https:\/\/www.comunismulinromania.ro\/index.php\/wp-json\/wp\/v2\/pages\/6817\/revisions"}],"up":[{"embeddable":true,"href":"https:\/\/www.comunismulinromania.ro\/index.php\/wp-json\/wp\/v2\/pages\/6648"}],"wp:attachment":[{"href":"https:\/\/www.comunismulinromania.ro\/index.php\/wp-json\/wp\/v2\/media?parent=6817"}],"curies":[{"name":"wp","href":"https:\/\/api.w.org\/{rel}","templated":true}]}}