{"id":6811,"date":"2016-02-26T14:43:26","date_gmt":"2016-02-26T12:43:26","guid":{"rendered":"http:\/\/www.comunismulinromania.ro\/?page_id=6811"},"modified":"2016-04-13T14:34:55","modified_gmt":"2016-04-13T11:34:55","slug":"erou-intre-eroi","status":"publish","type":"page","link":"https:\/\/www.comunismulinromania.ro\/index.php\/galerie-speciala\/erou-intre-eroi\/","title":{"rendered":"Erou \u00eentre Eroi"},"content":{"rendered":"<p>[vc_row el_id=&#8221;12345678&#8243; el_class=&#8221;rand1&#8243;][vc_column width=&#8221;2\/3&#8243;][vc_tta_tour][vc_tta_section title=&#8221;1&#8243; tab_id=&#8221;1456489451145-c50e206c-f56c&#8221;][vc_single_image image=&#8221;6703&#8243; img_size=&#8221;large&#8221; alignment=&#8221;center&#8221; onclick=&#8221;zoom&#8221;][\/vc_tta_section][vc_tta_section title=&#8221;2&#8243; tab_id=&#8221;1456489451300-ff5d26f6-4a55&#8243;][vc_single_image image=&#8221;6704&#8243; img_size=&#8221;large&#8221; alignment=&#8221;center&#8221; onclick=&#8221;zoom&#8221;][\/vc_tta_section][vc_tta_section title=&#8221;3&#8243; tab_id=&#8221;1460547159184-27febf16-75b3&#8243;][vc_single_image image=&#8221;6884&#8243; img_size=&#8221;large&#8221; alignment=&#8221;center&#8221; onclick=&#8221;zoom&#8221;][\/vc_tta_section][\/vc_tta_tour][\/vc_column][vc_column width=&#8221;1\/3&#8243;][vc_column_text]1. <em>Nicolae Ceau\u015fescu \u015fi scene din istoria poporului<\/em>; oferit de Natalia \u015fi Nicolae Gadonschi \u2013 \u0162epe\u015f; 1978; ulei pe p\u00e2nz\u0103; inv. S 6137<\/p>\n<p>2. <em>Omagiu<\/em>; oferit de Comitetul jude\u0163ean de partid Tulcea; 1978; ulei pe p\u00e2nz\u0103; inv. S 6884<\/p>\n<p>3. <em>Jur\u0103m\u00e2ntul<\/em>; autor:\u00a0cercul pionerilor din Dr\u0103g\u0103ne\u015fti; oferit de C.J. de partid Olt; ulei pe p\u00e2nz\u0103; 24 ianuarie 1978; inv. S 6788[\/vc_column_text][\/vc_column][\/vc_row]<\/p>\n","protected":false},"excerpt":{"rendered":"<p>[vc_row el_id=&#8221;12345678&#8243; el_class=&#8221;rand1&#8243;][vc_column width=&#8221;2\/3&#8243;][vc_tta_tour][vc_tta_section title=&#8221;1&#8243; tab_id=&#8221;1456489451145-c50e206c-f56c&#8221;][vc_single_image image=&#8221;6703&#8243; img_size=&#8221;large&#8221; alignment=&#8221;center&#8221; onclick=&#8221;zoom&#8221;][\/vc_tta_section][vc_tta_section title=&#8221;2&#8243; tab_id=&#8221;1456489451300-ff5d26f6-4a55&#8243;][vc_single_image image=&#8221;6704&#8243; img_size=&#8221;large&#8221; alignment=&#8221;center&#8221; onclick=&#8221;zoom&#8221;][\/vc_tta_section][vc_tta_section title=&#8221;3&#8243; tab_id=&#8221;1460547159184-27febf16-75b3&#8243;][vc_single_image image=&#8221;6884&#8243; img_size=&#8221;large&#8221; alignment=&#8221;center&#8221; onclick=&#8221;zoom&#8221;][\/vc_tta_section][\/vc_tta_tour][\/vc_column][vc_column width=&#8221;1\/3&#8243;][vc_column_text]1. Nicolae Ceau\u015fescu \u015fi scene din istoria poporului; oferit de Natalia \u015fi Nicolae Gadonschi \u2013 \u0162epe\u015f; 1978; ulei pe p\u00e2nz\u0103; inv. S 6137 2. Omagiu; oferit de Comitetul jude\u0163ean de partid Tulcea; 1978; [&hellip;]<\/p>\n","protected":false},"author":1,"featured_media":0,"parent":6648,"menu_order":0,"comment_status":"closed","ping_status":"closed","template":"","meta":{"_exactmetrics_skip_tracking":false,"_exactmetrics_sitenote_active":false,"_exactmetrics_sitenote_note":"","_exactmetrics_sitenote_category":0,"footnotes":""},"class_list":["post-6811","page","type-page","status-publish","hentry"],"_links":{"self":[{"href":"https:\/\/www.comunismulinromania.ro\/index.php\/wp-json\/wp\/v2\/pages\/6811","targetHints":{"allow":["GET"]}}],"collection":[{"href":"https:\/\/www.comunismulinromania.ro\/index.php\/wp-json\/wp\/v2\/pages"}],"about":[{"href":"https:\/\/www.comunismulinromania.ro\/index.php\/wp-json\/wp\/v2\/types\/page"}],"author":[{"embeddable":true,"href":"https:\/\/www.comunismulinromania.ro\/index.php\/wp-json\/wp\/v2\/users\/1"}],"replies":[{"embeddable":true,"href":"https:\/\/www.comunismulinromania.ro\/index.php\/wp-json\/wp\/v2\/comments?post=6811"}],"version-history":[{"count":0,"href":"https:\/\/www.comunismulinromania.ro\/index.php\/wp-json\/wp\/v2\/pages\/6811\/revisions"}],"up":[{"embeddable":true,"href":"https:\/\/www.comunismulinromania.ro\/index.php\/wp-json\/wp\/v2\/pages\/6648"}],"wp:attachment":[{"href":"https:\/\/www.comunismulinromania.ro\/index.php\/wp-json\/wp\/v2\/media?parent=6811"}],"curies":[{"name":"wp","href":"https:\/\/api.w.org\/{rel}","templated":true}]}}