{"id":6808,"date":"2016-02-26T14:41:51","date_gmt":"2016-02-26T12:41:51","guid":{"rendered":"http:\/\/www.comunismulinromania.ro\/?page_id=6808"},"modified":"2016-04-13T14:29:47","modified_gmt":"2016-04-13T11:29:47","slug":"ceausescu-tinerii","status":"publish","type":"page","link":"https:\/\/www.comunismulinromania.ro\/index.php\/galerie-speciala\/ceausescu-tinerii\/","title":{"rendered":"Ceau\u015fescu \u2013 Tinerii!"},"content":{"rendered":"<p>[vc_row el_id=&#8221;12345678&#8243; el_class=&#8221;rand1&#8243;][vc_column width=&#8221;2\/3&#8243;][vc_tta_tour][vc_tta_section title=&#8221;1&#8243; tab_id=&#8221;1456489451145-c50e206c-f56c&#8221;][vc_single_image image=&#8221;6702&#8243; img_size=&#8221;large&#8221; alignment=&#8221;center&#8221; onclick=&#8221;zoom&#8221;][\/vc_tta_section][vc_tta_section title=&#8221;2&#8243; tab_id=&#8221;1456489451300-ff5d26f6-4a55&#8243;][vc_single_image image=&#8221;6701&#8243; img_size=&#8221;large&#8221; alignment=&#8221;center&#8221; onclick=&#8221;zoom&#8221;][\/vc_tta_section][vc_tta_section title=&#8221;3&#8243; tab_id=&#8221;1460546841864-42931b2b-3241&#8243;][vc_single_image image=&#8221;6881&#8243; img_size=&#8221;large&#8221; alignment=&#8221;center&#8221; onclick=&#8221;zoom&#8221;][\/vc_tta_section][\/vc_tta_tour][\/vc_column][vc_column width=&#8221;1\/3&#8243;][vc_column_text]1. <em>Nicolae \u015fi Elena Ceau\u015fescu \u00een mijlocul unui grup de pioneri \u015fi \u015foimi ai patriei<\/em>; autor: Cornelia Ionescu Dr\u0103gu\u015fin; oferit de Consiliul Na\u0163ional al Pionerilor; 1981; ulei pe p\u00e2nz\u0103; inv. S 8377<\/p>\n<p>2.\u00a0<em>Nicolae \u015fi Elena Ceau\u015fescu \u00een mijlocul copiilor<\/em>; autor:\u00a0Zamfir Dumitrescu; oferit de Consiliul Na\u0163ional al Pionerilor; ulei pe p\u00e2nz\u0103; anii 1980; inv. S 7068<\/p>\n<p>3. <em>Ceau\u0219escu \u0219i copiii<\/em>; autor: E.Niculescu; oferit de autor; ulei pe p\u00e2nz\u0103; 25 ianuarie 1978; inv. S 6156[\/vc_column_text][\/vc_column][\/vc_row]<\/p>\n","protected":false},"excerpt":{"rendered":"<p>[vc_row el_id=&#8221;12345678&#8243; el_class=&#8221;rand1&#8243;][vc_column width=&#8221;2\/3&#8243;][vc_tta_tour][vc_tta_section title=&#8221;1&#8243; tab_id=&#8221;1456489451145-c50e206c-f56c&#8221;][vc_single_image image=&#8221;6702&#8243; img_size=&#8221;large&#8221; alignment=&#8221;center&#8221; onclick=&#8221;zoom&#8221;][\/vc_tta_section][vc_tta_section title=&#8221;2&#8243; tab_id=&#8221;1456489451300-ff5d26f6-4a55&#8243;][vc_single_image image=&#8221;6701&#8243; img_size=&#8221;large&#8221; alignment=&#8221;center&#8221; onclick=&#8221;zoom&#8221;][\/vc_tta_section][vc_tta_section title=&#8221;3&#8243; tab_id=&#8221;1460546841864-42931b2b-3241&#8243;][vc_single_image image=&#8221;6881&#8243; img_size=&#8221;large&#8221; alignment=&#8221;center&#8221; onclick=&#8221;zoom&#8221;][\/vc_tta_section][\/vc_tta_tour][\/vc_column][vc_column width=&#8221;1\/3&#8243;][vc_column_text]1. Nicolae \u015fi Elena Ceau\u015fescu \u00een mijlocul unui grup de pioneri \u015fi \u015foimi ai patriei; autor: Cornelia Ionescu Dr\u0103gu\u015fin; oferit de Consiliul Na\u0163ional al Pionerilor; 1981; ulei pe p\u00e2nz\u0103; inv. S 8377 2.\u00a0Nicolae [&hellip;]<\/p>\n","protected":false},"author":1,"featured_media":0,"parent":6648,"menu_order":0,"comment_status":"closed","ping_status":"closed","template":"","meta":{"_exactmetrics_skip_tracking":false,"_exactmetrics_sitenote_active":false,"_exactmetrics_sitenote_note":"","_exactmetrics_sitenote_category":0,"footnotes":""},"class_list":["post-6808","page","type-page","status-publish","hentry"],"_links":{"self":[{"href":"https:\/\/www.comunismulinromania.ro\/index.php\/wp-json\/wp\/v2\/pages\/6808","targetHints":{"allow":["GET"]}}],"collection":[{"href":"https:\/\/www.comunismulinromania.ro\/index.php\/wp-json\/wp\/v2\/pages"}],"about":[{"href":"https:\/\/www.comunismulinromania.ro\/index.php\/wp-json\/wp\/v2\/types\/page"}],"author":[{"embeddable":true,"href":"https:\/\/www.comunismulinromania.ro\/index.php\/wp-json\/wp\/v2\/users\/1"}],"replies":[{"embeddable":true,"href":"https:\/\/www.comunismulinromania.ro\/index.php\/wp-json\/wp\/v2\/comments?post=6808"}],"version-history":[{"count":0,"href":"https:\/\/www.comunismulinromania.ro\/index.php\/wp-json\/wp\/v2\/pages\/6808\/revisions"}],"up":[{"embeddable":true,"href":"https:\/\/www.comunismulinromania.ro\/index.php\/wp-json\/wp\/v2\/pages\/6648"}],"wp:attachment":[{"href":"https:\/\/www.comunismulinromania.ro\/index.php\/wp-json\/wp\/v2\/media?parent=6808"}],"curies":[{"name":"wp","href":"https:\/\/api.w.org\/{rel}","templated":true}]}}