{"id":6793,"date":"2016-02-26T14:33:11","date_gmt":"2016-02-26T12:33:11","guid":{"rendered":"http:\/\/www.comunismulinromania.ro\/?page_id=6793"},"modified":"2016-04-13T14:24:44","modified_gmt":"2016-04-13T11:24:44","slug":"ceausescu-presedinte","status":"publish","type":"page","link":"https:\/\/www.comunismulinromania.ro\/index.php\/galerie-speciala\/ceausescu-presedinte\/","title":{"rendered":"Ceau\u015fescu \u2013 Pre\u015fedinte!"},"content":{"rendered":"<p>[vc_row el_id=&#8221;12345678&#8243; el_class=&#8221;rand1&#8243;][vc_column width=&#8221;2\/3&#8243;][vc_tta_tour][vc_tta_section title=&#8221;1&#8243; tab_id=&#8221;1456489451145-c50e206c-f56c&#8221;][vc_single_image image=&#8221;6699&#8243; img_size=&#8221;large&#8221; alignment=&#8221;center&#8221; onclick=&#8221;zoom&#8221;][\/vc_tta_section][vc_tta_section title=&#8221;2&#8243; tab_id=&#8221;1456489451300-ff5d26f6-4a55&#8243;][vc_single_image image=&#8221;6700&#8243; img_size=&#8221;large&#8221; alignment=&#8221;center&#8221; onclick=&#8221;zoom&#8221;][\/vc_tta_section][vc_tta_section title=&#8221;3&#8243; tab_id=&#8221;1460546487334-85ad6cd1-dc45&#8243;][vc_single_image image=&#8221;6877&#8243; img_size=&#8221;large&#8221; alignment=&#8221;center&#8221; onclick=&#8221;zoom&#8221;][\/vc_tta_section][\/vc_tta_tour][\/vc_column][vc_column width=&#8221;1\/3&#8243;][vc_column_text]1. <em>N. Ceau\u015fescu, \u00eent\u00e2iul pre\u015fedinte al Rom\u00e2niei<\/em>; autor:\u00a0C.Aurel, C\u00e2mpina (Prahova); 1974; ulei pe p\u00e2nz\u0103; inv. S 2065<\/p>\n<p>2. <em>Ceau\u0219escu &#8211; Pre\u0219edinte<\/em>; autor: D.R.; ulei pe p\u00e2nz\u0103; 1978; inv. S 6063<\/p>\n<p>3. <em>Nicolae Ceau\u0219escu<\/em>; autor: Iorga Francisc; oferit de autor; ulei pe lemn; ianuarie 1978; inv. S 6764[\/vc_column_text][\/vc_column][\/vc_row]<\/p>\n","protected":false},"excerpt":{"rendered":"<p>[vc_row el_id=&#8221;12345678&#8243; el_class=&#8221;rand1&#8243;][vc_column width=&#8221;2\/3&#8243;][vc_tta_tour][vc_tta_section title=&#8221;1&#8243; tab_id=&#8221;1456489451145-c50e206c-f56c&#8221;][vc_single_image image=&#8221;6699&#8243; img_size=&#8221;large&#8221; alignment=&#8221;center&#8221; onclick=&#8221;zoom&#8221;][\/vc_tta_section][vc_tta_section title=&#8221;2&#8243; tab_id=&#8221;1456489451300-ff5d26f6-4a55&#8243;][vc_single_image image=&#8221;6700&#8243; img_size=&#8221;large&#8221; alignment=&#8221;center&#8221; onclick=&#8221;zoom&#8221;][\/vc_tta_section][vc_tta_section title=&#8221;3&#8243; tab_id=&#8221;1460546487334-85ad6cd1-dc45&#8243;][vc_single_image image=&#8221;6877&#8243; img_size=&#8221;large&#8221; alignment=&#8221;center&#8221; onclick=&#8221;zoom&#8221;][\/vc_tta_section][\/vc_tta_tour][\/vc_column][vc_column width=&#8221;1\/3&#8243;][vc_column_text]1. N. Ceau\u015fescu, \u00eent\u00e2iul pre\u015fedinte al Rom\u00e2niei; autor:\u00a0C.Aurel, C\u00e2mpina (Prahova); 1974; ulei pe p\u00e2nz\u0103; inv. S 2065 2. Ceau\u0219escu &#8211; Pre\u0219edinte; autor: D.R.; ulei pe p\u00e2nz\u0103; 1978; inv. S 6063 3. Nicolae Ceau\u0219escu; [&hellip;]<\/p>\n","protected":false},"author":1,"featured_media":0,"parent":6648,"menu_order":0,"comment_status":"closed","ping_status":"closed","template":"","meta":{"_exactmetrics_skip_tracking":false,"_exactmetrics_sitenote_active":false,"_exactmetrics_sitenote_note":"","_exactmetrics_sitenote_category":0,"footnotes":""},"class_list":["post-6793","page","type-page","status-publish","hentry"],"_links":{"self":[{"href":"https:\/\/www.comunismulinromania.ro\/index.php\/wp-json\/wp\/v2\/pages\/6793","targetHints":{"allow":["GET"]}}],"collection":[{"href":"https:\/\/www.comunismulinromania.ro\/index.php\/wp-json\/wp\/v2\/pages"}],"about":[{"href":"https:\/\/www.comunismulinromania.ro\/index.php\/wp-json\/wp\/v2\/types\/page"}],"author":[{"embeddable":true,"href":"https:\/\/www.comunismulinromania.ro\/index.php\/wp-json\/wp\/v2\/users\/1"}],"replies":[{"embeddable":true,"href":"https:\/\/www.comunismulinromania.ro\/index.php\/wp-json\/wp\/v2\/comments?post=6793"}],"version-history":[{"count":0,"href":"https:\/\/www.comunismulinromania.ro\/index.php\/wp-json\/wp\/v2\/pages\/6793\/revisions"}],"up":[{"embeddable":true,"href":"https:\/\/www.comunismulinromania.ro\/index.php\/wp-json\/wp\/v2\/pages\/6648"}],"wp:attachment":[{"href":"https:\/\/www.comunismulinromania.ro\/index.php\/wp-json\/wp\/v2\/media?parent=6793"}],"curies":[{"name":"wp","href":"https:\/\/api.w.org\/{rel}","templated":true}]}}