{"id":6729,"date":"2015-12-16T13:19:50","date_gmt":"2015-12-16T11:19:50","guid":{"rendered":"http:\/\/www.comunismulinromania.ro\/?page_id=6729"},"modified":"2015-12-16T13:19:50","modified_gmt":"2015-12-16T11:19:50","slug":"omagiala","status":"publish","type":"page","link":"https:\/\/www.comunismulinromania.ro\/index.php\/omagiala\/","title":{"rendered":"Omagiala"},"content":{"rendered":"<p><strong>EXPOZI\u0162IA \u201eOMAGIAL\u0102\u201d<\/strong><\/p>\n<p>Muzeului de Istorie al R.S.R. i-a fost rezervat un loc central \u00een mecanismul cultului personalit\u0103\u0163ii lui Nicolae \u015fi Elenei Ceau\u015fescu. Pentru c\u0103, pe 23 ianuarie 1978 a fost deschis\u0103 expozi\u0163ia \u201eDovezi ale dragostei, \u00eenaltei stime \u015fi profundei pre\u0163uiri de care se bucur\u0103 tovar\u0103\u015ful Nicolae Ceau\u015fescu \u015fi tovar\u0103\u015fa Elena Ceau\u015fescu, ale amplelor rela\u0163ii de prietenie \u015fi colaborare dintre poporul rom\u00e2n \u015fi popoarele altor \u0163\u0103ri\u201d.<\/p>\n<p>Expozi\u0163ia ocupa 10 s\u0103li la etajul al doilea al muzeului, \u00eentinz\u00e2ndu-se pe cca 2 500 m.p. \u015fi era o adev\u0103rat\u0103 \u201eod\u0103\u201d la adresa cuplului Ceau\u015fescu. Aici au fost expuse cadourile primite de cei doi, din \u0163ar\u0103 \u015fi str\u0103in\u0103tate, cu diferite ocazii.<\/p>\n<p>\u00cen prima sal\u0103 se aflau imagini fotografice, documente, c\u0103r\u0163i, tabele sintetice, texte, h\u0103r\u0163i \u015fi alte mijloace muzeotehnice moderne care \u00eenf\u0103\u0163i\u015fau \u201eneobosita activitate desf\u0103\u015furat\u0103 de secretarul general al partidului, pre\u015fedintele republicii, tovar\u0103\u015ful Nicolae Ceau\u015fescu, pentru elaborarea \u015fi \u00eenf\u0103ptuirea politicii interne \u015fi externe a partidului \u015fi statului nostru\u201d.<\/p>\n<p>\u00cen Sala 2 se aflau daruri primite de la \u201eoamenii muncii\u201d din jude\u0163ele: machete; miniaturi ale unor obiective industriale; mostre; platouri cu portretele Ceu\u015fe\u015ftilor, plachete, tapiserii, covoare, carpete, inscrip\u0163ii pe tot felul de materiale; costume \u015fi piese de port popular, \u015ftergare, milieuri, fe\u0163e de mas\u0103, ceramic\u0103.<\/p>\n<p>\u00cen expozi\u0163ie de aflau busturi \u015fi picturi ale lui Ceau\u015fescu, realizate de arti\u015fti plastici cunoscu\u0163i: Ion Irimescu, Marius Butunoiu, Martin Iszak, Gheorghe R\u0103dulescu, Paul Erdos, Sabin B\u0103la\u015fa, Dan Hatmanu. Existau \u015fi sculpturi (care \u00eens\u0103 nu \u00eel reprezint\u0103 de pre\u015fedintele R.S.R.) semnate de Ion Jalea, Ion Irimescu, Vida Geza.<\/p>\n<p>\u00cen Sala 5 se aflau decora\u0163ii, ordine, medalii, titluri onorifice \u015fi \u015ftiin\u0163ifice (\u201e\u00censemne ale \u00eenaltei pre\u0163uiri, \u00eensemne ale prestigiului unanim \u015fi f\u0103r\u0103 precedent de care se bucur\u0103 Republica Socialist\u0103 Rom\u00e2nia prin pre\u015fedintele s\u0103u\u201d). Erau a\u015fezate pe continente, pentru ca vizitatorul s\u0103 nu se \u00eencurce. Nu lipseau diplomele primite de N. Ceau\u015fescu. Cele de Doctor Honoris Causa ale Universit\u0103\u0163ilor din Bucure\u015fti, Beirut, Nisa, Buenos Aires, Quito, Yucatan, Lima sau cea de doctor \u00een \u015ftiin\u0163e al Universit\u0103\u0163ii din Teheran. Elena Ceau\u015fescu era prezent\u0103 prin intermediul diplomei de Doctor Honoris Causa a Universit\u0103\u0163ii Feminine a Filipinelor, diploma de doctor onorific \u00een \u015ftiin\u0163e al Universit\u0103\u0163ilor din Teheran, Buenos Aires, Yucatan, cea de membru corespondent al Academiei din Atena \u015fi cea de membru activ al Academiei de \u015etiin\u0163e din New York. La un moment dat a existat chiar propunerea de a se duce titlurile \u015ftiin\u0163ifice \u015fi decora\u0163iile \u00een tezaur! Nu lipseau nici medaliile jubiliare primite de la institu\u0163ii \u015fi organiza\u0163ii interna\u0163ionale: O.N.U., U.N.E.S.C.O., C.A.E.R., Tratatul de la Var\u015fovia.<\/p>\n<p>Sala num\u0103rul 6 era destinat\u0103 cadourilor primite din Africa (sculptur\u0103 \u00een lemn, filde\u015f \u015fi bronz, costume tradi\u0163ionale, arme \u2013 sabia oferit\u0103 de regele Marocului, servicii de cafea sau ceai \u2013 unul oferit de pre\u015fedintele Republicii Egipt, covoare \u015fi tapiserii). \u00cen Sala nr. 7 erau etalate cadouri din America Central\u0103, de Sud \u015fi de Nord (cheile \u201ede onoare\u201d ale unor ora\u015fe din SUA: New York, Los Angeles, San Francisco, Dallas; cupe, platouri, bijuterii \u2013 bro\u015f\u0103 de aur care-l \u00eentruchipa pe zeul aztec Xochipilli, bibelouri, machete \u2013 macheta unei cor\u0103bii primit\u0103 de la Partidul Socialist din Chile, macheta capsulelor spa\u0163iale din misunile Apollo VII \u015fi Apollo XI, monede de aur cum au fost cele primite de la Sindicatul laptelui din Venezuela, vaze, arme, obiecte de artizanat, drapele, cravate, scaune de regizor de la Hollywood, animale \u00eemp\u0103iate, cochilii, art\u0103 plastic\u0103). \u00cen S\u0103lile 8 \u2013 9 se g\u0103seau cadouri din Asia: obiecte de valoare istoric\u0103 (copia barilului care atest\u0103 vechimea statului persan, opai\u0163e, steaguri, arme \u2013 unele f\u0103cute din r\u0103m\u0103\u015fi\u0163ele unor avioane americe dobor\u00e2te de vietnamezi, chei, medalii, obiecte de art\u0103, covoare, tapiserii, servicii de ceai, cafea, lichior, vase (bomboniere, t\u0103vi, fructiere, cafetiere), unele executate \u00een filigran de argint aurit, obiecte \u015fi mobilier din sidef, arme, animale \u00eemp\u0103iate (broa\u015ftele din Vietnam), por\u0163elanuri, costume populare etc. \u00cen fine, Sala 10 era destinat\u0103 cadourilor primite cu ocazia vizitelor prin Europa, at\u00e2t \u00een statele comuniste c\u00e2t \u015fi \u00een cele capitaliste: copia lupoaicei capitoline oferit\u0103 de municipalitatea din Roma, bustul \u00eemp\u0103ratului Traian primit \u00een urma vizitei la Vatican, machete de avioane Fokker primite din R.F.G., caravele \u00een filigran de argint aurit primite din Lisabona, gravuri dup\u0103 Goya, busturi, carpete \u015fi tablouri cu Lenin (unul \u00eenglobat \u00eentr-un monolit de cristal) primite de la Moscova, costume populare, por\u0163elanuri din Cehoslovacia, covoare, casete, tapiserii, seturi de c\u0103ni etc.<\/p>\n<p>\u00cen total, p\u00e2n\u0103 \u00een anul 1989, fondul de obiecte de de la Omagial\u0103 (parter \u015fi etajul 2) a dep\u0103\u015fit\u00a0 10 000 de obiecte! Nu este deci, de mirare, c\u0103 so\u0163ii Ceau\u015fescu se refereau la Muzeul de Istorie al R.S.R. cu apelativul \u201eMUZEUL NOSTRU!\u201d.<\/p>\n<p><a href=\"https:\/\/www.comunismulinromania.ro\/index.php\/galerie-speciala\/\">&gt;Inapoi la galerie<\/a><\/p>\n","protected":false},"excerpt":{"rendered":"<p>EXPOZI\u0162IA \u201eOMAGIAL\u0102\u201d Muzeului de Istorie al R.S.R. i-a fost rezervat un loc central \u00een mecanismul cultului personalit\u0103\u0163ii lui Nicolae \u015fi Elenei Ceau\u015fescu. Pentru c\u0103, pe 23 ianuarie 1978 a fost deschis\u0103 expozi\u0163ia \u201eDovezi ale dragostei, \u00eenaltei stime \u015fi profundei pre\u0163uiri de care se bucur\u0103 tovar\u0103\u015ful Nicolae Ceau\u015fescu \u015fi tovar\u0103\u015fa Elena Ceau\u015fescu, ale amplelor rela\u0163ii de [&hellip;]<\/p>\n","protected":false},"author":1,"featured_media":0,"parent":0,"menu_order":0,"comment_status":"closed","ping_status":"closed","template":"","meta":{"_exactmetrics_skip_tracking":false,"_exactmetrics_sitenote_active":false,"_exactmetrics_sitenote_note":"","_exactmetrics_sitenote_category":0,"footnotes":""},"class_list":["post-6729","page","type-page","status-publish","hentry"],"_links":{"self":[{"href":"https:\/\/www.comunismulinromania.ro\/index.php\/wp-json\/wp\/v2\/pages\/6729","targetHints":{"allow":["GET"]}}],"collection":[{"href":"https:\/\/www.comunismulinromania.ro\/index.php\/wp-json\/wp\/v2\/pages"}],"about":[{"href":"https:\/\/www.comunismulinromania.ro\/index.php\/wp-json\/wp\/v2\/types\/page"}],"author":[{"embeddable":true,"href":"https:\/\/www.comunismulinromania.ro\/index.php\/wp-json\/wp\/v2\/users\/1"}],"replies":[{"embeddable":true,"href":"https:\/\/www.comunismulinromania.ro\/index.php\/wp-json\/wp\/v2\/comments?post=6729"}],"version-history":[{"count":0,"href":"https:\/\/www.comunismulinromania.ro\/index.php\/wp-json\/wp\/v2\/pages\/6729\/revisions"}],"wp:attachment":[{"href":"https:\/\/www.comunismulinromania.ro\/index.php\/wp-json\/wp\/v2\/media?parent=6729"}],"curies":[{"name":"wp","href":"https:\/\/api.w.org\/{rel}","templated":true}]}}