{"id":6725,"date":"2015-12-16T13:18:32","date_gmt":"2015-12-16T11:18:32","guid":{"rendered":"http:\/\/www.comunismulinromania.ro\/?page_id=6725"},"modified":"2015-12-16T13:18:32","modified_gmt":"2015-12-16T11:18:32","slug":"ce-avem-noi-aici","status":"publish","type":"page","link":"https:\/\/www.comunismulinromania.ro\/index.php\/ce-avem-noi-aici\/","title":{"rendered":"Ce avem noi aici?"},"content":{"rendered":"<p>Gama de omagii pentru cuplul Ceau\u015fescu a fost extrem de divers\u0103, debut\u00e2nd cu simple scrisori \u015fi ajung\u00e2nd p\u00e2n\u0103 la cele mai elaborate \u015fi chiar \u00een unele cazuri sofisticate ca tehnic\u0103 de realizare, finalizate cu costuri foarte mari, kitch-uri, evident f\u0103r\u0103 nici o valoare artistic\u0103.<\/p>\n<p>Pe acest site aucem \u00een aten\u0163ia publicului o parte a ceea ce a reprezentat, odat\u0103, expozi\u0163ia \u201eOmagial\u0103\u201d de la Muzeul de Istorie al RSR. Pentru \u00eenceput ne-am axat pe seria de tablouri primite de Nicolae Ceau\u0219escu \u0219i de so\u021bia sa, cu diferite ocazii. Dup\u0103 cum \u00een cadrul unor monarhii contemporane, zilele de na\u015ftere ale suveranilor erau celebrate la nivel na\u0163ional (de cele mai multe ori \u00een baza tradi\u0163iei \u2013 \u00een cazul Thailandei sau Japoniei) \u015fi \u00een Rom\u00e2nia socialist\u0103, de\u015fi nu \u00een mod oficial, Ziua \u201eTovar\u0103\u015fului\u201d \u015fi a \u201eTovar\u0103\u015fei\u201d erau cel mai bun prilej pentru ca poporul s\u0103-\u015fi manifeste \u201eprinosul de recuno\u015ftin\u0163\u0103\u201d. Dar nu numai zilele de na\u0219tere erau prilej pentru astefel de cadouri.<\/p>\n<p>Gama picturilor omagiale, acesta este foarte divers\u0103 ca tipologie, form\u0103, dimensiuni, expeditor sau mesaj transmis. Noi am \u00eemp\u0103r\u021bit categoriile site-ului folosindu-ne de lozincile epocii \u0219i am c\u0103utat s\u0103 \u00eencludem \u00een fiecare categorie picturile care s\u0103 se potriveasc\u0103 cel mai bine titlului: \u201eOmagiu conduc\u0103torului iubit\u201d, \u201eCeau\u015fescu \u2013 Pace!\u201d, \u201eCeau\u015fescu \u2013 Pre\u015fedinte!\u201d, \u201eCeau\u015fescu \u2013 Tinerii!\u201d, \u201eErou \u00eentre Eroi\u201d, \u201ePoporul, Ceau\u015fescu, Rom\u00e2nia!\u201d, \u201eTr\u0103im decenii de \u00eempliniri m\u0103re\u0163e\u201d, \u201eTovar\u0103\u015fe Nicolae, tovar\u0103\u015f\u0103 Elena&#8230;\u201d, \u201eSavanta de renume mondial\u201d.<\/p>\n<p><span style=\"text-decoration: underline;\"><a href=\"https:\/\/www.comunismulinromania.ro\/index.php\/galerie-speciala\/\">&gt;Inapoi la galerie<\/a><\/span><\/p>\n","protected":false},"excerpt":{"rendered":"<p>Gama de omagii pentru cuplul Ceau\u015fescu a fost extrem de divers\u0103, debut\u00e2nd cu simple scrisori \u015fi ajung\u00e2nd p\u00e2n\u0103 la cele mai elaborate \u015fi chiar \u00een unele cazuri sofisticate ca tehnic\u0103 de realizare, finalizate cu costuri foarte mari, kitch-uri, evident f\u0103r\u0103 nici o valoare artistic\u0103. Pe acest site aucem \u00een aten\u0163ia publicului o parte a ceea [&hellip;]<\/p>\n","protected":false},"author":1,"featured_media":0,"parent":0,"menu_order":0,"comment_status":"closed","ping_status":"closed","template":"","meta":{"_exactmetrics_skip_tracking":false,"_exactmetrics_sitenote_active":false,"_exactmetrics_sitenote_note":"","_exactmetrics_sitenote_category":0,"footnotes":""},"class_list":["post-6725","page","type-page","status-publish","hentry"],"_links":{"self":[{"href":"https:\/\/www.comunismulinromania.ro\/index.php\/wp-json\/wp\/v2\/pages\/6725","targetHints":{"allow":["GET"]}}],"collection":[{"href":"https:\/\/www.comunismulinromania.ro\/index.php\/wp-json\/wp\/v2\/pages"}],"about":[{"href":"https:\/\/www.comunismulinromania.ro\/index.php\/wp-json\/wp\/v2\/types\/page"}],"author":[{"embeddable":true,"href":"https:\/\/www.comunismulinromania.ro\/index.php\/wp-json\/wp\/v2\/users\/1"}],"replies":[{"embeddable":true,"href":"https:\/\/www.comunismulinromania.ro\/index.php\/wp-json\/wp\/v2\/comments?post=6725"}],"version-history":[{"count":0,"href":"https:\/\/www.comunismulinromania.ro\/index.php\/wp-json\/wp\/v2\/pages\/6725\/revisions"}],"wp:attachment":[{"href":"https:\/\/www.comunismulinromania.ro\/index.php\/wp-json\/wp\/v2\/media?parent=6725"}],"curies":[{"name":"wp","href":"https:\/\/api.w.org\/{rel}","templated":true}]}}