{"id":266,"date":"2015-03-04T12:29:56","date_gmt":"2015-03-04T12:29:56","guid":{"rendered":"http:\/\/localhost\/comunismul\/?page_id=266"},"modified":"2022-05-13T20:58:43","modified_gmt":"2022-05-13T17:58:43","slug":"home","status":"publish","type":"page","link":"https:\/\/www.comunismulinromania.ro\/","title":{"rendered":"Home"},"content":{"rendered":"<p>[vc_row background_style=&#8221;normal&#8221; font_color=&#8221;#ffffff&#8221;][vc_column][rev_slider_vc alias=&#8221;sld-001&#8243;][\/vc_column][\/vc_row][vc_row css=&#8221;.vc_custom_1425975032789{padding-top: 75px !important;padding-bottom: 125px !important;background-color: #ffffff !important;}&#8221; background_style=&#8221;parallax&#8221;][vc_column css=&#8221;.vc_custom_1599651532667{background-color: #efefef !important;}&#8221;][vc_column_text]<\/p>\n<h3 style=\"color: #c41d1d !important; font-size: 36px; text-align: center;\">Rom\u00e2nia comunist\u0103: aspecte ale vie\u0163ii cotidiene<\/h3>\n<p style=\"text-align: center;\">La scurt timp dup\u0103 23 august 1944 , Gheorghiu Dej \u00eei zugr\u0103vea principesei Ileana, tabloul Rom\u00e2niei comuniste: o lume modern\u0103, industrializat\u0103, cu \u015ftiin\u0163\u0103 de carte, av\u00e2nd parte de toate binefacerile lumii moderne dar f\u0103r\u0103 nedrept\u0103\u0163ile acesteia.<\/p>\n<p>Lucrurile aveau s\u0103 stea cu totul altfel dec\u00e2t le-a zugr\u0103vit liderul comunist. M\u0103surile luate pentru modernizarea \u0163\u0103rii (industrializarea, colectivizarea etc.) s-au f\u0103cut prin sacrificarea intereselor cet\u0103\u0163enilor \u015fi \u00een dauna bun\u0103st\u0103rii acestora. De\u015fi pe h\u00e2rtie progresul economic pare evident fa\u0163\u0103 de perioada interbelic\u0103, \u00een realitate venitul unui muncitor \u00een anul 1963 era de 1,9 ori mai mic dec\u00e2t \u00een anul 1938. O lung\u0103 perioad\u0103 de timp, \u00een anii 50, produsele alimentare s-au ob\u0163inut de baz\u0103 de cartel\u0103 \u00een cantit\u0103\u0163i minime. Situa\u0163ia, din acest punct de vedere, s-a ameliorat \u00een anii 60 \u015fi \u00een prima parte a anilor 70.[\/vc_column_text][vc_row_inner type=&#8221;boxed&#8221; css=&#8221;.vc_custom_1599651553869{margin-top: 40px !important;padding-right: 10% !important;padding-left: 10% !important;background-color: #efefef !important;}&#8221;][vc_column_inner css=&#8221;.vc_custom_1599651516034{background-color: #efefef !important;}&#8221;][vc_button2 title=&#8221;Articol complet&#8221; align=&#8221;center&#8221; style=&#8221;square_outlined&#8221; size=&#8221;lg&#8221; link=&#8221;url:https%3A%2F%2Fwww.comunismulinromania.ro%2Findex.php%2Fromania-comunista-aspecte-ale-vietii-cotidiene-2%2F|title:Articol%20complet&#8221; href=&#8221;https:\/\/www.comunismulinromania.ro\/index.php\/romania-comunista-aspecte-ale-vietii-cotidiene-2\/&#8221; text_color=&#8221;#d87462&#8243;][\/vc_column_inner][\/vc_row_inner][\/vc_column][\/vc_row][vc_row css=&#8221;.vc_custom_1404837035233{padding-top: 75px !important;padding-bottom: 75px !important;background-color: #e9e8e4 !important;}&#8221; background_style=&#8221;normal&#8221;][vc_column][vc_row_inner type=&#8221;boxed&#8221;][vc_column_inner][vc_column_text]<\/p>\n<h3 style=\"color: #c41d1d !important; font-size: 36px; text-align: center;\"><strong>Comunismul \u00een Rom\u00e2nia<\/strong><\/h3>\n<p>[\/vc_column_text][\/vc_column_inner][\/vc_row_inner][vc_row_inner type=&#8221;boxed&#8221; css=&#8221;.vc_custom_1404837506988{padding-top: 55px !important;}&#8221;][vc_column_inner][vc_column_text]<\/p>\n<p style=\"text-align: center;\">Comunismul \u00een Rom\u00e2nia este primul proiect online al Muzeului Na\u021bional de Istorie a<br \/>\nRom\u00e2niei, ap\u0103rut \u00een 2009, la ini\u021bitiva istoricului Radu Coroam\u0103, director adjunct al MNIR.<br \/>\nEchipa care a creat proiectul, coordonat\u0103 de Radu Coroam\u0103, a fost format\u0103 din Oana Ilie,<br \/>\nCornel Constantin Ilie \u0219i Mihai Bozgan. Structura site-ului a fost f\u0103cut\u0103, dup\u0103 o cercetare<br \/>\nminu\u021bioas\u0103 a fondurilor de fotografii din epoca comunist\u0103 aflate \u00een patrimoniul MNIR, iar<br \/>\nproiectul a adunat \u00eentr-un deceniu de dezvoltare mii de fotografii, ast\u0103zi documente imagistice, ale propagandei comuniste.<br \/>\n\u00cen prezent, proiectul este dezvoltat de c\u0103tre Cristina P\u0103iu\u0219an-Nuic\u0103.<\/p>\n<p style=\"text-align: center;\">Fotografiile din cadrul proiectului Comunismul \u00een Rom\u00e2nia \u015fi postate pe site-ul https:\/\/www.comunismulinromania.ro\/ sunt proprietatea Muzeului Na\u0163ional de Istorie a Rom\u00e2niei, f\u0103c\u00e2nd parte din colec\u0163iile sale. De asemenea, fotografiile reprezent\u00e2nd evenimentele din anii 1990-1991 au fost cump\u0103rate de Muzeul Na\u0163ional de Istorie al Rom\u00e2niei. Politica de folosire a imaginilor de pe site-ul www.comunismulinromania.com ram\u00e2ne neschimbat\u0103, fotografiile put\u00e2nd fi folosite \u00een continuare \u00een medii private sau online, singura condi\u0163ie fiind aceea de a preciza proprietarul acestora \u015fi anume Muzeul Na\u0163ional de Istorie al Rom\u00e2niei sau site-ul https:\/\/www.comunismulinromania.ro\/.<\/p>\n<p>[\/vc_column_text][vc_column_text]<\/p>\n<hr \/>\n<p>[\/vc_column_text][vc_column_text]<\/p>\n<p style=\"text-align: center;\">The photographs of the Project Communism in Romania, posted on the website https:\/\/www.comunismulinromania.ro\/, are The National History Museum of Romania property. Also photographs of the events of 1990-1991 are The National History Museum of Romania property. The copyright of the images from the site www.comunismulinromania.com remains unchanged meaning that all those photos can still be used online, privately or publically, the only condition being to specify the owner, which is The National History Museum of Romania.<\/p>\n<p>[\/vc_column_text][\/vc_column_inner][\/vc_row_inner][\/vc_column][\/vc_row][vc_row css=&#8221;.vc_custom_1652280183508{padding-top: 75px !important;padding-bottom: 75px !important;}&#8221; background_style=&#8221;parallax&#8221; font_color=&#8221;#ffffff&#8221;][vc_column][vc_row_inner type=&#8221;boxed&#8221;][vc_column_inner width=&#8221;1\/4&#8243;][\/vc_column_inner][vc_column_inner width=&#8221;1\/2&#8243;][vc_column_text][\/vc_column_text][\/vc_column_inner][vc_column_inner width=&#8221;1\/4&#8243;][\/vc_column_inner][\/vc_row_inner][\/vc_column][\/vc_row]<\/p>\n","protected":false},"excerpt":{"rendered":"<p>[vc_row background_style=&#8221;normal&#8221; font_color=&#8221;#ffffff&#8221;][vc_column][rev_slider_vc alias=&#8221;sld-001&#8243;][\/vc_column][\/vc_row][vc_row css=&#8221;.vc_custom_1425975032789{padding-top: 75px !important;padding-bottom: 125px !important;background-color: #ffffff !important;}&#8221; background_style=&#8221;parallax&#8221;][vc_column css=&#8221;.vc_custom_1599651532667{background-color: #efefef !important;}&#8221;][vc_column_text] Rom\u00e2nia comunist\u0103: aspecte ale vie\u0163ii cotidiene La scurt timp dup\u0103 23 august 1944 , Gheorghiu Dej \u00eei zugr\u0103vea principesei Ileana, tabloul Rom\u00e2niei comuniste: o lume modern\u0103, industrializat\u0103, cu \u015ftiin\u0163\u0103 de carte, av\u00e2nd parte de toate binefacerile lumii moderne dar f\u0103r\u0103 [&hellip;]<\/p>\n","protected":false},"author":1,"featured_media":0,"parent":0,"menu_order":0,"comment_status":"closed","ping_status":"closed","template":"","meta":{"_exactmetrics_skip_tracking":false,"_exactmetrics_sitenote_active":false,"_exactmetrics_sitenote_note":"","_exactmetrics_sitenote_category":0,"footnotes":""},"class_list":["post-266","page","type-page","status-publish","hentry"],"_links":{"self":[{"href":"https:\/\/www.comunismulinromania.ro\/index.php\/wp-json\/wp\/v2\/pages\/266","targetHints":{"allow":["GET"]}}],"collection":[{"href":"https:\/\/www.comunismulinromania.ro\/index.php\/wp-json\/wp\/v2\/pages"}],"about":[{"href":"https:\/\/www.comunismulinromania.ro\/index.php\/wp-json\/wp\/v2\/types\/page"}],"author":[{"embeddable":true,"href":"https:\/\/www.comunismulinromania.ro\/index.php\/wp-json\/wp\/v2\/users\/1"}],"replies":[{"embeddable":true,"href":"https:\/\/www.comunismulinromania.ro\/index.php\/wp-json\/wp\/v2\/comments?post=266"}],"version-history":[{"count":2,"href":"https:\/\/www.comunismulinromania.ro\/index.php\/wp-json\/wp\/v2\/pages\/266\/revisions"}],"predecessor-version":[{"id":12670,"href":"https:\/\/www.comunismulinromania.ro\/index.php\/wp-json\/wp\/v2\/pages\/266\/revisions\/12670"}],"wp:attachment":[{"href":"https:\/\/www.comunismulinromania.ro\/index.php\/wp-json\/wp\/v2\/media?parent=266"}],"curies":[{"name":"wp","href":"https:\/\/api.w.org\/{rel}","templated":true}]}}